{"id":42,"date":"2018-05-22T13:07:27","date_gmt":"2018-05-22T13:07:27","guid":{"rendered":"http:\/\/ylojarvenasepaja.fi\/?page_id=42"},"modified":"2022-04-12T07:55:53","modified_gmt":"2022-04-12T07:55:53","slug":"yhteydenotto","status":"publish","type":"page","link":"https:\/\/ylojarvenasepaja.fi\/?page_id=42","title":{"rendered":"Yhteydenotto"},"content":{"rendered":"\n<p>Oleme paikalla toimistoaikojen puitteissa, sek\u00e4 sovittaessa my\u00f6s muina aikoina. Voit poiketa k\u00e4ym\u00e4\u00e4n, mutta varmimmin tavoitat asesep\u00e4n kun soitat ennen tuloasi. Pihassamme on runsaasti parkkeeraustilaa ja perille p\u00e4\u00e4set isommallakin autolla. Meille ovat my\u00f6s koirat tervetulleita, sill\u00e4 varauksella ett\u00e4 omat pystykorvamme ovat my\u00f6s toisinaan paikalla. <\/p>\n\n\n\n<p>Asesep\u00e4n saat kiinni numerosta 0400 835 244. Voit olla yhteydess\u00e4 my\u00f6s toimistoomme 040 5325 430\/Amanda.<\/p>\n\n\n\n<p>Kiireett\u00f6miss\u00e4 asioissa p\u00e4\u00e4set j\u00e4tt\u00e4m\u00e4\u00e4n yhteydenottopyynn\u00f6n alla olevan lomakkeen kautta. <\/p>\n\n\n<div role=\"form\" class=\"wpcf7\" id=\"wpcf7-f32-o1\" lang=\"fi\" dir=\"ltr\">\n<div class=\"screen-reader-response\"><p role=\"status\" aria-live=\"polite\" aria-atomic=\"true\"><\/p> <ul><\/ul><\/div>\n<form action=\"\/index.php?rest_route=%2Fwp%2Fv2%2Fpages%2F42#wpcf7-f32-o1\" method=\"post\" class=\"wpcf7-form init\" novalidate=\"novalidate\" data-status=\"init\">\n<div style=\"display: none;\">\n<input type=\"hidden\" name=\"_wpcf7\" value=\"32\" \/>\n<input type=\"hidden\" name=\"_wpcf7_version\" value=\"5.5.6\" \/>\n<input type=\"hidden\" name=\"_wpcf7_locale\" value=\"fi\" \/>\n<input type=\"hidden\" name=\"_wpcf7_unit_tag\" value=\"wpcf7-f32-o1\" \/>\n<input type=\"hidden\" name=\"_wpcf7_container_post\" value=\"0\" \/>\n<input type=\"hidden\" name=\"_wpcf7_posted_data_hash\" value=\"\" \/>\n<\/div>\n<p><label> Nimi (pakollinen)<br \/>\n    <span class=\"wpcf7-form-control-wrap your-name\"><input type=\"text\" name=\"your-name\" value=\"\" size=\"40\" class=\"wpcf7-form-control wpcf7-text wpcf7-validates-as-required\" aria-required=\"true\" aria-invalid=\"false\" \/><\/span> <\/label><\/p>\n<p><label> S\u00e4hk\u00f6posti (pakollinen)<br \/>\n    <span class=\"wpcf7-form-control-wrap your-email\"><input type=\"email\" name=\"your-email\" value=\"\" size=\"40\" class=\"wpcf7-form-control wpcf7-text wpcf7-email wpcf7-validates-as-required wpcf7-validates-as-email\" aria-required=\"true\" aria-invalid=\"false\" \/><\/span> <\/label><\/p>\n<p><label> Puhelinnumero (pakollinen)<br \/>\n    <span class=\"wpcf7-form-control-wrap your-subject\"><input type=\"text\" name=\"your-subject\" value=\"\" size=\"40\" class=\"wpcf7-form-control wpcf7-text\" aria-invalid=\"false\" \/><\/span> <\/label><\/p>\n<p><label> Viesti<br \/>\n<span class=\"wpcf7-form-control-wrap your-message\"><textarea name=\"your-message\" cols=\"40\" rows=\"10\" class=\"wpcf7-form-control wpcf7-textarea\" aria-invalid=\"false\">Kirjoita viestisi t\u00e4h\u00e4n ...<\/textarea><\/span><\/label><\/p>\n<p><input type=\"submit\" value=\"L\u00e4het\u00e4\" class=\"wpcf7-form-control has-spinner wpcf7-submit\" \/><\/p>\n<p style=\"display: none !important;\"><label>&#916;<textarea name=\"_wpcf7_ak_hp_textarea\" cols=\"45\" rows=\"8\" maxlength=\"100\"><\/textarea><\/label><input type=\"hidden\" id=\"ak_js_1\" name=\"_wpcf7_ak_js\" value=\"180\"\/><script>document.getElementById( \"ak_js_1\" ).setAttribute( \"value\", ( new Date() ).getTime() );<\/script><\/p><div class=\"wpcf7-response-output\" aria-hidden=\"true\"><\/div><\/form><\/div>","protected":false},"excerpt":{"rendered":"<p>Oleme paikalla toimistoaikojen puitteissa, sek\u00e4 sovittaessa my\u00f6s muina aikoina. Voit poiketa k\u00e4ym\u00e4\u00e4n, mutta varmimmin tavoitat asesep\u00e4n kun soitat ennen tuloasi. Pihassamme on runsaasti parkkeeraustilaa ja perille p\u00e4\u00e4set isommallakin autolla. Meille ovat my\u00f6s koirat tervetulleita, sill\u00e4 varauksella ett\u00e4 omat pystykorvamme ovat my\u00f6s toisinaan paikalla. Asesep\u00e4n saat kiinni numerosta 0400 835 244. Voit olla yhteydess\u00e4 my\u00f6s toimistoomme &#8230; <a title=\"Yhteydenotto\" class=\"read-more\" href=\"https:\/\/ylojarvenasepaja.fi\/?page_id=42\" aria-label=\"Lis\u00e4\u00e4 Yhteydenotto\">Lue lis\u00e4\u00e4<\/a><\/p>\n","protected":false},"author":1,"featured_media":0,"parent":0,"menu_order":0,"comment_status":"closed","ping_status":"closed","template":"","meta":[],"_links":{"self":[{"href":"https:\/\/ylojarvenasepaja.fi\/index.php?rest_route=\/wp\/v2\/pages\/42"}],"collection":[{"href":"https:\/\/ylojarvenasepaja.fi\/index.php?rest_route=\/wp\/v2\/pages"}],"about":[{"href":"https:\/\/ylojarvenasepaja.fi\/index.php?rest_route=\/wp\/v2\/types\/page"}],"author":[{"embeddable":true,"href":"https:\/\/ylojarvenasepaja.fi\/index.php?rest_route=\/wp\/v2\/users\/1"}],"replies":[{"embeddable":true,"href":"https:\/\/ylojarvenasepaja.fi\/index.php?rest_route=%2Fwp%2Fv2%2Fcomments&post=42"}],"version-history":[{"count":2,"href":"https:\/\/ylojarvenasepaja.fi\/index.php?rest_route=\/wp\/v2\/pages\/42\/revisions"}],"predecessor-version":[{"id":103,"href":"https:\/\/ylojarvenasepaja.fi\/index.php?rest_route=\/wp\/v2\/pages\/42\/revisions\/103"}],"wp:attachment":[{"href":"https:\/\/ylojarvenasepaja.fi\/index.php?rest_route=%2Fwp%2Fv2%2Fmedia&parent=42"}],"curies":[{"name":"wp","href":"https:\/\/api.w.org\/{rel}","templated":true}]}}