{"id":8,"date":"2018-05-22T12:25:24","date_gmt":"2018-05-22T12:25:24","guid":{"rendered":"http:\/\/ylojarvenasepaja.fi\/?page_id=8"},"modified":"2024-04-07T17:06:45","modified_gmt":"2024-04-07T17:06:45","slug":"ylojarven-asepaja","status":"publish","type":"page","link":"https:\/\/ylojarvenasepaja.fi\/","title":{"rendered":"Etusivu"},"content":{"rendered":"<p>Tervetuloa Yl\u00f6j\u00e4rven Asepajan kotisivuille<\/p>\n<p><strong>AJANKOHTAISTA ( p\u00e4ivitetty 7.4.2024)<\/strong><\/p>\n<p><strong>Oiva hetki laittaa aseet ja asetarvikkeet kuntoon tulevaa syksy\u00e4 varten. Toukokuulle mahtuu hyvin asesep\u00e4n kalenteriin uusia t\u00f6it\u00e4!\u00a0<\/strong><\/p>\n<p>Yl\u00f6j\u00e4rven Asepaja on asesep\u00e4nliike Yl\u00f6j\u00e4rvell\u00e4 Soppeenm\u00e4en teollisuusalueella. Yrityksemme tarjoaa monipuolisia asesep\u00e4n palveluja. Myymme sek\u00e4 uusia, ett\u00e4 k\u00e4ytettyj\u00e4 aseita, patruunoita ja muita mets\u00e4stystarvikkeita!<\/p>\n<h3>Yrityksen omistaa asesepp\u00e4 ja koneinsin\u00f6\u00f6ri Mika Hiltunen.<\/h3>\n<p>Puh. 0400-835244 tai laita s-postia <a href=\"mailto:mika.hiltunen@ylojarvenkonepaja.fi\">mika.hiltunen@ylojarvenkonepaja.fi<\/a><\/p>\n<div id=\"wpgmza_map\" class=\"wpgmza_map\" data-settings='{\"id\":\"1\",\"map_title\":\"Asepaja\",\"map_width\":\"100\",\"map_height\":\"400\",\"map_start_lat\":\"61.552504\",\"map_start_lng\":\"23.569239\",\"map_start_location\":\"61.55250444680199,23.569239452997635\",\"map_start_zoom\":\"16\",\"default_marker\":\"0\",\"type\":\"1\",\"alignment\":\"2\",\"directions_enabled\":\"1\",\"styling_enabled\":\"0\",\"styling_json\":\"\",\"active\":\"0\",\"kml\":\"\",\"bicycle\":\"0\",\"traffic\":\"0\",\"dbox\":\"1\",\"dbox_width\":\"100\",\"listmarkers\":\"0\",\"listmarkers_advanced\":\"0\",\"filterbycat\":\"0\",\"ugm_enabled\":\"0\",\"ugm_category_enabled\":\"0\",\"fusion\":\"\",\"map_width_type\":\"\\\\%\",\"map_height_type\":\"px\",\"mass_marker_support\":\"1\",\"ugm_access\":\"0\",\"order_markers_by\":\"1\",\"order_markers_choice\":\"2\",\"show_user_location\":\"0\",\"default_to\":\"\",\"other_settings\":{\"store_locator_enabled\":2,\"store_locator_distance\":2,\"store_locator_default_radius\":\"10\",\"store_locator_not_found_message\":\"No results found in this location. Please try again.\",\"store_locator_bounce\":1,\"store_locator_query_string\":\"ZIP \\\/ Address:\",\"store_locator_default_address\":\"\",\"wpgmza_store_locator_restrict\":\"\",\"store_locator_style\":\"modern\",\"wpgmza_store_locator_radius_style\":\"modern\",\"map_max_zoom\":\"1\",\"transport_layer\":0,\"wpgmza_theme_data\":\"[ \\\\\\\"visibility\\\\\\\", \\\\\\\"invert_lightness\\\\\\\", \\\\\\\"color\\\\\\\", \\\\\\\"weight\\\\\\\", \\\\\\\"hue\\\\\\\", \\\\\\\"saturation\\\\\\\", \\\\\\\"lightness\\\\\\\", \\\\\\\"gamma\\\\\\\"]\",\"wpgmza_theme_selection\":0,\"wpgmza_show_points_of_interest\":1,\"bicycle\":\"0\",\"traffic\":\"0\"}}' data-map-id='1' Data-maps-engine='google-maps' data-shortcode-attributes='{\"id\":\"1\"}' style=\"display:block; overflow:auto; width:100%; height:400px; float:left;\"><\/div>\n","protected":false},"excerpt":{"rendered":"<p>Tervetuloa Yl\u00f6j\u00e4rven Asepajan kotisivuille AJANKOHTAISTA ( p\u00e4ivitetty 7.4.2024) Oiva hetki laittaa aseet ja asetarvikkeet kuntoon tulevaa syksy\u00e4 varten. Toukokuulle mahtuu hyvin asesep\u00e4n kalenteriin uusia t\u00f6it\u00e4!\u00a0 Yl\u00f6j\u00e4rven Asepaja on asesep\u00e4nliike Yl\u00f6j\u00e4rvell\u00e4 Soppeenm\u00e4en teollisuusalueella. Yrityksemme tarjoaa monipuolisia asesep\u00e4n palveluja. Myymme sek\u00e4 uusia, ett\u00e4 k\u00e4ytettyj\u00e4 aseita, patruunoita ja muita mets\u00e4stystarvikkeita! Yrityksen omistaa asesepp\u00e4 ja koneinsin\u00f6\u00f6ri Mika Hiltunen. Puh. &#8230; <a title=\"Etusivu\" class=\"read-more\" href=\"https:\/\/ylojarvenasepaja.fi\/\" aria-label=\"Lis\u00e4\u00e4 Etusivu\">Lue lis\u00e4\u00e4<\/a><\/p>\n","protected":false},"author":1,"featured_media":0,"parent":0,"menu_order":0,"comment_status":"closed","ping_status":"closed","template":"","meta":[],"_links":{"self":[{"href":"https:\/\/ylojarvenasepaja.fi\/index.php?rest_route=\/wp\/v2\/pages\/8"}],"collection":[{"href":"https:\/\/ylojarvenasepaja.fi\/index.php?rest_route=\/wp\/v2\/pages"}],"about":[{"href":"https:\/\/ylojarvenasepaja.fi\/index.php?rest_route=\/wp\/v2\/types\/page"}],"author":[{"embeddable":true,"href":"https:\/\/ylojarvenasepaja.fi\/index.php?rest_route=\/wp\/v2\/users\/1"}],"replies":[{"embeddable":true,"href":"https:\/\/ylojarvenasepaja.fi\/index.php?rest_route=%2Fwp%2Fv2%2Fcomments&post=8"}],"version-history":[{"count":14,"href":"https:\/\/ylojarvenasepaja.fi\/index.php?rest_route=\/wp\/v2\/pages\/8\/revisions"}],"predecessor-version":[{"id":131,"href":"https:\/\/ylojarvenasepaja.fi\/index.php?rest_route=\/wp\/v2\/pages\/8\/revisions\/131"}],"wp:attachment":[{"href":"https:\/\/ylojarvenasepaja.fi\/index.php?rest_route=%2Fwp%2Fv2%2Fmedia&parent=8"}],"curies":[{"name":"wp","href":"https:\/\/api.w.org\/{rel}","templated":true}]}}